{"id":15778,"date":"2024-04-22T13:03:09","date_gmt":"2024-04-22T11:03:09","guid":{"rendered":"https:\/\/www.grupguell.es\/condiciones-de-uso\/"},"modified":"2024-04-22T14:30:54","modified_gmt":"2024-04-22T12:30:54","slug":"condiciones-de-uso","status":"publish","type":"page","link":"https:\/\/www.grupguell.es\/ca\/condiciones-de-uso\/","title":{"rendered":"Condiciones de uso"},"content":{"rendered":"\n<p><em>\u00daltima actualizaci\u00f3n: <\/em><em>8 <\/em><em>de septiembre de 2021<\/em><\/p>\n\n<p><strong>1.- Titularidad<\/strong><\/p>\n\n<p>Este sitio es propiedad y est\u00e1 operado por Associaci\u00f3 de Protecci\u00f3 Ciutadana Grup G\u00fcell (en adelante \u201cGrup G\u00fcell\u201d), con domicilio en C\/ La Cala, n\u00ba31, \u00c1tico, CP 07007, Palma, Islas Baleares, Espa\u00f1a. <\/p>\n\n<p>NIF: G 07638133 <\/p>\n\n<p>Correo electr\u00f3nico: <a href=\"mailto:grupguell@gmail.com\">grupguell@gmail.com<\/a><\/p>\n\n<p>Associaci\u00f3 de Protecci\u00f3 Ciutadana Grup G\u00fcell est\u00e1 inscrita en el Registro de Asociaciones de las Islas Baleares, con n\u00famero de registro 311000002379.<\/p>\n\n<p><strong>2.- Aceptaci\u00f3n<\/strong><\/p>\n\n<p>Este sitio web y el servicio proporcionado (en adelante el Servicio) est\u00e1 disponible para cualquier usuario y est\u00e1 sujeto a los siguientes t\u00e9rminos y condiciones: estas Condiciones de Uso y Contrataci\u00f3n, nuestra Pol\u00edtica de Privacidad y nuestra Pol\u00edtica de Cookies.<\/p>\n\n<p>Cuando usas el Servicio aceptas nuestros t\u00e9rminos y condiciones y con ello te comprometes a no usar este sitio para fines ilegales.<\/p>\n\n<p>Por otro lado, te informamos que por motivos legales archivamos los documentos electr\u00f3nicos en que quedan formalizadas las reservas. Podr\u00e1s acceder a dichos documentos en cualquier momento solicit\u00e1ndolo en: <a href=\"mailto:grupguell@gmail.com\">grupguell@gmail.com<\/a><\/p>\n\n<p><strong>3.- Descripci\u00f3n del Servicio<\/strong><\/p>\n\n<p><strong>3.1.- Prestaci\u00f3n<\/strong><\/p>\n\n<p>A trav\u00e9s del Servicio, Grup G\u00fcell ofrece la posibilidad de reservar la participaci\u00f3n del Usuario en la tradicional marcha \u201cDel G\u00fcell a Lluc\u201d. <\/p>\n\n<p>La prestaci\u00f3n del Servicio se realiza del siguiente modo:<\/p>\n\n<ul class=\"wp-block-list\">\n<li>Se elige el lugar de salida entre las opciones disponibles. <\/li>\n\n\n\n<li>El usuario proporciona sus datos para proceder a la facturaci\u00f3n del servicio, acepta las condiciones legales aplicables, elige el m\u00e9todo de pago y procede a la contrataci\u00f3n del Servicio.<\/li>\n\n\n\n<li>Tras ello el usuario recibir\u00e1 el resguardo de su inscripci\u00f3n donde constar\u00e1 el dorsal asignado que se le proporcionar\u00e1 el d\u00eda de la marcha en la ubicaci\u00f3n de salida que haya seleccionado. <\/li>\n<\/ul>\n\n<p>* El Usuario \u00fanicamente podr\u00e1 realizar una inscripci\u00f3n por persona. <\/p>\n\n<p><strong>3.2.- Reglamento:<\/strong><\/p>\n\n<p>El desarrollo de la actividad requiere de un escrupuloso cumplimiento de la normativa de la misma y en caso de incumplimiento se dar\u00e1 informe a las fuerzas del orden, pudiendo excluirlo del itinerario de la marxa.<\/p>\n\n<ul class=\"wp-block-list\">\n<li>Todo participante debe estar inscrito antes de las 21 horas del d\u00eda de la marcha.<\/li>\n\n\n\n<li>La misma se iniciar\u00e1 a las 23 horas desde la Plaza G\u00fcell de Palma.<\/li>\n\n\n\n<li>Las personas que salgan antes de las 23:00 horas no podr\u00e1n exigir a los miembros de la organizaci\u00f3n ning\u00fan tipo de servicio.<\/li>\n\n\n\n<li>Se ruega a todos los participantes que lleguen a las 21 horas a la Plaza G\u00fcell para sellar su Pasag\u00fcell, evitando colas innecesariamente y para poder disfrutar de la verbena.<\/li>\n\n\n\n<li>Todos los participantes que lleguen a los puntos de avituallamiento de Binissalem, Selva y Lluc han de sellar su Pasag\u00fcell.<\/li>\n\n\n\n<li>Se debe circular uno tras otro en fila india y por la izquierda de la calzada, para evitar accidentes<\/li>\n\n\n\n<li>Antes de iniciar la salida, debe colocarse el dorsal que se les facilitar\u00e1 en la parte frontal de la camiseta, de manera que sea visible para los veh\u00edculos de la organizaci\u00f3n que circulen por la v\u00eda.<\/li>\n\n\n\n<li>Este dorsal sirve as\u00ed mismo como billete de tren de vuelta que ser\u00e1 v\u00e1lido el mismo d\u00eda de la marcha y estar\u00e1 homologado por los Servicios Ferroviarios de Mallorca. La salida del primer tren se realizar\u00e1 a las 6:00 horas. En caso de p\u00e9rdida del dorsal el participante tendr\u00e1 que abonar a las miembros de la organizaci\u00f3n el importe de 8 \u20ac, ya que, la organizaci\u00f3n no puede saber si el participante se ha inscrito debidamente o no.<\/li>\n\n\n\n<li>Se deben respetar en todo momento las indicaciones que les hagan los miembros de la organizaci\u00f3n y los componentes de las Fuerzas del orden.<\/li>\n\n\n\n<li>Cualquier contratiempo que les ocurra o anomal\u00eda que observen, comun\u00edquelo de inmediato a los miembros de la Organizaci\u00f3n.<\/li>\n\n\n\n<li>El primer punto de avituallamiento ser\u00e1 dentro del casco urbano del pueblo de Santa Maria del Camino y se abrir\u00e1 a las 1:00 horas.<\/li>\n\n\n\n<li>Las personas que se vean obligadas a retirarse por agotamiento o lesi\u00f3n, es preferible que lo hagan en los puntos de avituallamiento, donde ser\u00e1n atendidos por los miembros de la organizaci\u00f3n.<\/li>\n\n\n\n<li>En caso de accidente, todos los participantes inscritos debidamente, dispondr\u00e1n de un servicio de ambulancias con atenci\u00f3n m\u00e9dica inicial y en caso de evacuaci\u00f3n, se trasladar\u00e1 al hospital p\u00fablico de referencia m\u00e1s cercano, corriendo con los gastos el servicio de salud p\u00fablica de ses Illes Balears.<\/li>\n\n\n\n<li>Todos los participantes que quieran volver a Palma, dispondr\u00e1n de un servicio de autocares durante la ruta en los puntos de avituallamiento siguientes:<\/li>\n\n\n\n<li>1 autocar en el punto de avituallamiento de Consell de regreso a Palma (inicio a la 1:30 horas).<\/li>\n\n\n\n<li>1 autocar en el punto de avituallamiento de Binissalem, de regreso a la estaci\u00f3n de tren de Inca (inicio a las 3:00 horas).<\/li>\n\n\n\n<li>1 autocar en el Foro de Mallorca, con regreso a la estaci\u00f3n de tren de Inca (inicio a las 3:30 horas). <\/li>\n\n\n\n<li>Estaci\u00f3n de tren en el punto de avituallamiento de Lloseta (inicio a las 6:00 horas)<\/li>\n\n\n\n<li>2 autocares en el punto de avituallamiento de Selva, de regreso a la estaci\u00f3n de tren de Inca (inicio a las 5:00 horas). <\/li>\n\n\n\n<li>5 furgonetas escoba de 9 plazas por todo el itinerario, 20 autocares en Lluc, regreso a la estaci\u00f3n de tren de Inca (inicio a las 6:00 horas). <\/li>\n\n\n\n<li>A todos los participantes que lleguen a Lluc, los miembros de la organizaci\u00f3n les obsequiaran con un diploma que contendr\u00e1 su nombre y la hora de llegada al santuario. El punto de diplomas y de sellado del Pasag\u00fcell, estar\u00e1 ubicado dentro del recinto del santuario en la plaza grande.<\/li>\n\n\n\n<li>El tiempo m\u00e1ximo de llegada a Lluc ser\u00e1 las 11:30 horas del d\u00eda siguiente al inicio de la marcha.<\/li>\n\n\n\n<li>La organizaci\u00f3n declina toda responsabilidad por los da\u00f1os que pudieran derivar en el transcurso de la marcha, tanto a participantes, como a terceros.<\/li>\n\n\n\n<li>Queda totalmente prohibido circular dentro del itinerario de la marxa con patines, bicicletas y motocicletas, en caso de hacerlo las fuerzas del orden les impondr\u00e1n una sanci\u00f3n y retendr\u00e1n el veh\u00edculo con lo que tendr\u00e1n que continuar la marcha a pie como cualquier participante, sin tener derecho a ning\u00fan servicio, por haber infringido la normativa.<\/li>\n<\/ul>\n\n<p><strong>4.- Enlaces externos<\/strong><\/p>\n\n<p>Puede que desde el Servicio se te remita a otros sitios web a trav\u00e9s de enlaces.<\/p>\n\n<p>Sin embargo, Grup G\u00fcell no tiene ning\u00fan control sobre esos sitios o su contenido, sujetos a sus propios t\u00e9rminos y condiciones. Por tanto, Grup G\u00fcell no es responsable de la calidad, veracidad o exactitud de la informaci\u00f3n contenida en aquellos.<\/p>\n\n<p><strong>5.- Edad<\/strong><\/p>\n\n<p>En cuanto a la contrataci\u00f3n de nuestro Servicio, declaras que eres mayor de edad y que dispones de la capacidad legal necesaria para vincularte por este acuerdo y utilizar el sitio de conformidad con sus t\u00e9rminos y condiciones, que comprendes y reconoces en su totalidad.<\/p>\n\n<p>Si contratas en nombre de una empresa el Servicio, reconoces disponer de autorizaci\u00f3n y la representaci\u00f3n adecuada en nombre de la organizaci\u00f3n para ello.<\/p>\n\n<p>Declaras que toda la informaci\u00f3n que proporciones para acceder al Servicio, antes y durante su utilizaci\u00f3n, es verdadera, completa y precisa.<\/p>\n\n<p>Los menores de edad pueden participar en el servicio contratado siempre que vayan acompa\u00f1ados de adultos que se hagan cargo de ellos.<\/p>\n\n<p><strong>6.- Propiedad intelectual e industrial<\/strong><\/p>\n\n<p>El contenido y la informaci\u00f3n del Servicio (entre otros datos, texto, sonido, imagen o c\u00f3digo inform\u00e1tico), as\u00ed como los elementos de hardware o software utilizados para proporcionar tal contenido e informaci\u00f3n, son propiedad de Grup G\u00fcell o bien dispone de las autorizaciones correspondientes para su uso.<\/p>\n\n<p>Adem\u00e1s, se proh\u00edbe la modificaci\u00f3n, reproducci\u00f3n, duplicaci\u00f3n, copia, distribuci\u00f3n, venta, reventa y dem\u00e1s formas de explotaci\u00f3n para fines comerciales o equivalentes del Servicio.<\/p>\n\n<p>Para cualquier otro uso del contenido del Servicio necesitas nuestro consentimiento previo por escrito.<\/p>\n\n<p><strong>7.- Contenido de Usuario<\/strong><\/p>\n\n<p>Puedes contribuir al Servicio envi\u00e1ndonos mensajes a nuestra direcci\u00f3n de correo electr\u00f3nico o bien a trav\u00e9s del formulario de contacto disponible en el sitio web (en adelante \u201cContenido\u201d).<\/p>\n\n<p>Podemos usar tu Contenido de distintas maneras, tales como: mostrarlo en el sitio web, reformatearlo, traducirlo a otros idiomas, editarlo para aportar claridad, corregir errores, promocionarlo o distribuirlo.<\/p>\n\n<p>Por tanto, al enviarnos Contenido concedes a Grup G\u00fcell una licencia de uso mundial, no exclusiva, gratuita, hasta la retirada del contenido, transferible y sublicenciable sobre ese Contenido.<\/p>\n\n<p>Eso significa que el contenido sigue siendo tuyo, pero Grup G\u00fcell, gracias a esa licencia de uso, puede: <strong>a)<\/strong> usar, reproducir, modificar, adaptar, traducir, distribuir y publicar el Contenido, crear obras derivadas a partir de \u00e9l, mostrarlo y exhibirlo en todo el mundo, por cualquier medio conocido y para cualquier fin leg\u00edtimo; y <strong>b)<\/strong> usar el nombre que env\u00edes en relaci\u00f3n con ese Contenido.<\/p>\n\n<p>No obstante, Grup G\u00fcell se reserva el derecho de no publicar aquellos contenidos o informaciones que sean falsas o contrarias a los derechos de terceros.<\/p>\n\n<p><strong>8.- Precio e impuestos<\/strong><\/p>\n\n<p>Los precios de los servicios ofertados en Grup G\u00fcell est\u00e1n indicados en euros (\u20ac) e incluyen el impuesto del valor a\u00f1adido (IVA) aplicable a estos servicios en Espa\u00f1a. <\/p>\n\n<p>En caso de que el lugar de residencia o domicilio del cliente sea otro estado miembro de la Uni\u00f3n Europea o un tercer estado, el precio de la reserva puede sufrir modificaciones si el tipo impositivo aplicable es diferente.<\/p>\n\n<p><strong>9.- Pago y medios<\/strong><\/p>\n\n<p>Para realizar la reserva o compra de alguna de nuestras experiencias o servicios, es imprescindible abonar su importe en su totalidad y por adelantado.<\/p>\n\n<p>El pago del Servicio contratado se podr\u00e1 realizar:<\/p>\n\n<ul class=\"wp-block-list\">\n<li>Mediante transferencia bancaria directa, PayPal, tarjeta de cr\u00e9dito o d\u00e9bito VISA o MasterCard, carg\u00e1ndose el importe en el momento de la compra o mediante pago en efectivo en el momento de la salida.<\/li>\n<\/ul>\n\n<p>En este sentido, Grup G\u00fcell informa a los titulares de las tarjetas de cr\u00e9dito y d\u00e9bito que las transacciones en la plataforma se realizan a trav\u00e9s de una pasarela de pago segura, utiliz\u00e1ndose la tecnolog\u00eda TLS para garantizar la seguridad en la transmisi\u00f3n de los datos.<\/p>\n\n<p><strong>10.- Validez de las ofertas<\/strong><\/p>\n\n<p>Los servicios ofertados en el Servicio, y los precios de \u00e9stos, estar\u00e1n disponibles para su adquisici\u00f3n mientras se encuentren en el cat\u00e1logo visualizado por medio de la web.<\/p>\n\n<p>En todo caso, Grup G\u00fcell se reserva el derecho de efectuar en el Servicio las modificaciones que considere oportunas, pudiendo actualizar actividades, experiencias y funciones del Servicio seg\u00fan el mercado.<\/p>\n\n<p>Los precios que aparecen en la web son orientativos. Grup G\u00fcell se reserva el derecho de cambiar los precios sin aviso previo.<\/p>\n\n<p>Te informamos que a pesar de las actualizaciones que se realizan a los precios del Servicio, \u00e9stos podr\u00edan contener errores. Corregiremos con prontitud todos los errores que aparezcan, pero no ser\u00e1n vinculantes con el Servicio.<\/p>\n\n<p><strong>11.- Garant\u00edas<\/strong><\/p>\n\n<p>Quedan garantizados todos los derechos que las leyes en vigor te garanticen como consumidor y usuario.<\/p>\n\n<p>En cualquier caso, y hasta donde permita la ley, Grup G\u00fcell se reserva el derecho a rechazar, suspender o cancelar la prestaci\u00f3n del Servicio a su exclusivo criterio si las condiciones metereol\u00f3gicas, sanitarias o de otra \u00edndole as\u00ed lo aconsejaran.<\/p>\n\n<p><strong>12.- Observaciones previas a las experiencias<\/strong><\/p>\n\n<p>Dado el car\u00e1cter del Servicio es importante que el Usuario indique previamente a Grup G\u00fcell cualquier cuesti\u00f3n alimentaria, alergia o condici\u00f3n personal que deba ser conocida antes de prestar el Servicio.<\/p>\n\n<p>En este sentido, el Usuario debe informar previamente a Grup G\u00fcell sobre cualquier particularidad f\u00edsica o ps\u00edquica, enfermedad, condici\u00f3n cardiovascular, embarazo o circunstancia personal suya o de los participantes en la actividad que pudiera condicionar su participaci\u00f3n en la misma.<\/p>\n\n<p>Si dicha particularidad o condici\u00f3n del participante finalmente permite realizar la actividad, el Usuario ser\u00e1 responsable de llevar y gestionar los elementos necesarios para su control (por ej. un kit de asma o para diabetes).<\/p>\n\n<p><strong>13.- Responsabilidad<\/strong><\/p>\n\n<p>Si bien la voluntad de Grup G\u00fcell es ofrecer siempre la informaci\u00f3n correcta sobre las circunstancias en las que se desarrollar\u00e1 el Servicio, no puede garantizar al 100% la precisi\u00f3n de la informaci\u00f3n anticipada a los participantes. <\/p>\n\n<p>En ese sentido, respecto a las aportaciones de terceros al Servicio (puntos de avituallamiento, medidas de protecci\u00f3n civil,etc.) Grup G\u00fcell no asume ninguna responsabilidad por los errores e imprecisiones en la informaci\u00f3n y descripciones proporcionadas en relaci\u00f3n a tales elementos. Si bien procurar\u00e1 evitar cualquier posible error.<\/p>\n\n<p>Las instituciones locales y auton\u00f3micas que proveen de medios a la actividad son independientes en su labor y medios. <\/p>\n\n<p>Por ello, y hasta donde la ley permita, Grup G\u00fcell no es responsable de los actos, errores, omisiones, declaraciones, garant\u00edas, incumplimientos, negligencias o conductas indebidas de terceros. Tampoco es responsable de ning\u00fan tipo de lesi\u00f3n personal, muerte, da\u00f1os a la propiedad ni otros da\u00f1os o gastos que se deriven de ello o que surjan de cualquier otro modo de la reserva o el desarrollo por parte del Usuario de la actividad adquirida a trav\u00e9s del Servicio.<\/p>\n\n<p>Grup G\u00fcell no ser\u00e1 responsable en el caso de sufrir cualquier tipo de demora, cancelaci\u00f3n, exceso de reservas o huelga generada por causa de fuerza mayor y ajena a su control directo.<\/p>\n\n<p><strong>14.- Desistimientos, Cancelaciones, reembolsos y modificaciones<\/strong><\/p>\n\n<p><strong>14.1.- Desistimiento<\/strong><\/p>\n\n<p>Dado el tipo de servicio que se ofrece, es decir, eventos deportivos o carreras, no ser\u00e1 aplicable el derecho de desistimiento de acuerdo al <strong>art\u00edculo 103, letra l)<\/strong> del Real Decreto Legislativo 1\/2007, de 16 de noviembre, por el que se aprueba el texto refundido de la Ley General para la Defensa de los Consumidores y Usuarios y otras leyes complementarias.<\/p>\n\n<p><strong>14.1.- Cancelaci\u00f3n y reembolsos<\/strong><\/p>\n\n<p>Aunque canceles tu participaci\u00f3n en la carrera, se te facturar\u00e1n los importes de la actividad en caso de que hayas seleccionado la opci\u00f3n de pago en efectivo.<\/p>\n\n<p>En el caso de que el participante no se presente el d\u00eda de la actividad, y ya la hubiera abonado, no tendr\u00e1 derecho a ser reembolsado. <\/p>\n\n<p>Si concurriere alguna causa o circunstancia de fuerza mayor (por ejemplo, condiciones meteorol\u00f3gicas adversas, problemas t\u00e9cnicos o materiales o imposibilidad de ofrecer los servicios por causa ajena a Grup G\u00fcell ), el participante tendr\u00e1 derecho a solicitar el reembolso \u00edntegro de la inscripci\u00f3n. <\/p>\n\n<p>En caso de duda, contacta con nosotros en: <a href=\"mailto:grupguell@gmail.com\">grupguell@gmail.com<\/a><\/p>\n\n<p><strong>14.2.- Modificaciones<\/strong><\/p>\n\n<p>Cualquier solicitud de cambio en la reserva realizada, relativa a la persona que participar\u00e1 en la marcha o al lugar de salida \u00fanicamente ser\u00e1 tenida en cuenta por Grup G\u00fcell si la misma se realiza mediante correo electr\u00f3nico a <a href=\"mailto:grupguell@gmail.com\">grupguell@gmail.com<\/a> y con una antelaci\u00f3n de al menos 48 horas respecto a la fecha en la que debe prestarse la actividad, experiencia o servicio.<\/p>\n\n<p>De todos modos, recuerda que no es posible cambiar ni modificar las fecha de la actividad pues de la misma \u00fanicamente se realiza una edici\u00f3n al a\u00f1o. As\u00ed, las ventas de este tipo de actividades son definitivas y no se pueden modificar una vez confirmada la compra original.<\/p>\n\n<p>Adem\u00e1s, Grup G\u00fcell no puede garantizar que tales solicitudes de cambio se vayan a llevar a t\u00e9rmino satisfactoriamente ya que las mismas estar\u00e1n sujetas a la disponibilidad de aforo y participantes que pudieran imponer las autoridades.<\/p>\n\n<p>Por otro lado, si realizas una reserva mediante una promoci\u00f3n de Grup G\u00fcell es posible que cualquier cambio de la actividad posterior a la finalizaci\u00f3n de la compra invalide el descuento. Consulta para ello la pol\u00edtica espec\u00edfica de cada promoci\u00f3n.<\/p>\n\n<p>Asimismo, si concurriere alguna causa o circunstancia de fuerza mayor (por ejemplo, condiciones meteorol\u00f3gicas adversas, cuestiones sanitarias o problemas t\u00e9cnicos o materiales), extraordinariamente podr\u00eda convocarse la actividad en una nueva fecha y si el usuario no pudiera asistir a la misma, tendr\u00e1 derecho a solicitar el reembolso \u00edntegro del importe abonado. <\/p>\n\n<p>En este supuesto, el usuario afectado deber\u00e1 enviar un email a <a href=\"mailto:grupguell@gmail.com\">grupguell@gmail.com<\/a> adjuntando la confirmaci\u00f3n de la reserva o compra de la actividad cancelada y una fotocopia del documento de identidad del comprador. <\/p>\n\n<p>En caso de duda, contacta con nosotros en: <a href=\"mailto:grupguell@gmail.com\">grupguell@gmail.com<\/a><\/p>\n\n<p><strong>15.- Documentaci\u00f3n del usuario<\/strong><\/p>\n\n<p>El Usuario es responsable de asegurarse del cumplimiento de todos los requisitos de la reserva. En concreto, durante el desarrollo del Servicio deber\u00e1 ir debidamente identificado con el dorsal asignado que deber\u00e1 ser conservado en todo momento.<\/p>\n\n<p>El uso y exhibici\u00f3n del dorsal es imprescindible para conocer por parte de la organizaci\u00f3n la correcta inscripci\u00f3n del participante y el acceso de este a servicios conexos de avituallamiento y transporte.<\/p>\n\n<p>En caso de p\u00e9rdida del dorsal el participante tendr\u00e1 que abonar a las miembros de la organizaci\u00f3n el importe de 8 \u20ac.<\/p>\n\n<p>As\u00ed mismo se recuerda la obligaci\u00f3n legal de disponer en todo momento de documentos identificativos, incluidos pasaportes y visados, que pudieran ser requeridos por la organizaci\u00f3n o las autoridades para identificar al participante.<\/p>\n\n<p><strong>16.- C\u00f3digos promocionales<\/strong><\/p>\n\n<p>El Usuario podr\u00e1 obtener mediante concursos en redes sociales o promociones del Servicio c\u00f3digos promocionales que solo podr\u00e1 aplicar en el campo as\u00ed se\u00f1alado en el proceso de compra.<\/p>\n\n<p>De la misma forma, esos c\u00f3digos promocionales ser\u00e1n el mecanismo para regalar actividades o experiencias a otros usuarios. <\/p>\n\n<p><strong>17.- Modificaciones y nulidad<\/strong><\/p>\n\n<p>Podremos actualizar los t\u00e9rminos y condiciones del Servicio en el futuro, as\u00ed como caracter\u00edsticas y funciones del propio Servicio. Sin embargo, esto no afectar\u00e1 negativamente la calidad de ning\u00fan servicio espec\u00edfico que hayamos acordado expresamente proporcionar.<\/p>\n\n<p>Te informaremos sobre los cambios en t\u00e9rminos y condiciones colocando un aviso en un lugar prominente de nuestro sitio web y\/o por correo electr\u00f3nico.<\/p>\n\n<p>Si cualquier cl\u00e1usula incluida en nuestros t\u00e9rminos y condiciones fuese declarada, total o parcialmente, nula o ineficaz, la misma solo afectar\u00e1 a dicha disposici\u00f3n o a la parte de la misma que resulte nula o ineficaz. Subsistir\u00e1n los t\u00e9rminos y condiciones en todo lo dem\u00e1s, teni\u00e9ndose tal disposici\u00f3n, o la parte de la misma que resultase afectada, por no puesta.<\/p>\n\n<p><strong>18.- Reclamaciones y acciones derivadas del contrato<\/strong><\/p>\n\n<p>Este Servicio se rige por la legislaci\u00f3n espa\u00f1ola.<\/p>\n\n<p>Con el fin de simplificar la resoluci\u00f3n de reclamaciones por la v\u00eda civil y reducir costes, no excluimos la posibilidad de someternos ante un Arbitraje de Equidad de la Corte de Arbitraje de las C\u00e1maras de Comercio e Industria.<\/p>\n\n<p>En este sentido, y seg\u00fan la normativa aplicable, Grup G\u00fcell informa de la existencia de una plataforma europea de resoluci\u00f3n de litigios en l\u00ednea que facilita la resoluci\u00f3n extrajudicial de dichos litigios para contratos celebrados igualmente en l\u00ednea entre consumidores y prestadores de servicios de Internet. A dicha plataforma se podr\u00e1 acceder a trav\u00e9s de la siguiente p\u00e1gina web:<a href=\"http:\/\/ec.europa.eu\/odr\"> http:\/\/ec.europa.eu\/odr<\/a><\/p>\n\n<p>Si la contrataci\u00f3n del Servicio la realizara una empresa, en caso de controversia las partes se someten a los tribunales de Palma de Mallorca y a la legislaci\u00f3n espa\u00f1ola. <\/p>\n\n<p><strong>19.- Idioma de los t\u00e9rminos y condiciones<\/strong><\/p>\n\n<p>Los t\u00e9rminos y condiciones del Servicio se presentan en varios idiomas. En caso de contradicci\u00f3n entre uno y otro, tendr\u00e1 prevalencia la versi\u00f3n en castellano.<\/p>\n\n<p><strong>20.- Contacto<\/strong><\/p>\n\n<p>Si tienes dudas sobre estos t\u00e9rminos y condiciones, contacta con nosotros en:<\/p>\n\n<p>E-mail: <a href=\"mailto:grupguell@gmail.com\">grupguell@gmail.com<\/a><\/p>\n\n<p>Direcci\u00f3n: C\/ La Cala, n\u00ba31, \u00c1tico, CP 07007, Palma, Islas Baleares, Espa\u00f1a. <\/p>\n","protected":false},"excerpt":{"rendered":"<p>\u00daltima actualizaci\u00f3n: 8 de septiembre de 2021 1.- Titularidad Este sitio es propiedad y est\u00e1 operado por Associaci\u00f3 de Protecci\u00f3 Ciutadana Grup G\u00fcell (en adelante \u201cGrup G\u00fcell\u201d), con domicilio en C\/ La Cala, n\u00ba31, \u00c1tico, CP 07007, Palma, Islas Baleares, Espa\u00f1a. NIF: G 07638133 Correo electr\u00f3nico: grupguell@gmail.com Associaci\u00f3 de Protecci\u00f3 Ciutadana Grup G\u00fcell est\u00e1 inscrita [&hellip;]<\/p>\n","protected":false},"author":1,"featured_media":0,"parent":0,"menu_order":0,"comment_status":"closed","ping_status":"closed","template":"","meta":{"inline_featured_image":false,"footnotes":""},"class_list":["post-15778","page","type-page","status-publish","hentry"],"_links":{"self":[{"href":"https:\/\/www.grupguell.es\/ca\/wp-json\/wp\/v2\/pages\/15778","targetHints":{"allow":["GET"]}}],"collection":[{"href":"https:\/\/www.grupguell.es\/ca\/wp-json\/wp\/v2\/pages"}],"about":[{"href":"https:\/\/www.grupguell.es\/ca\/wp-json\/wp\/v2\/types\/page"}],"author":[{"embeddable":true,"href":"https:\/\/www.grupguell.es\/ca\/wp-json\/wp\/v2\/users\/1"}],"replies":[{"embeddable":true,"href":"https:\/\/www.grupguell.es\/ca\/wp-json\/wp\/v2\/comments?post=15778"}],"version-history":[{"count":1,"href":"https:\/\/www.grupguell.es\/ca\/wp-json\/wp\/v2\/pages\/15778\/revisions"}],"predecessor-version":[{"id":15779,"href":"https:\/\/www.grupguell.es\/ca\/wp-json\/wp\/v2\/pages\/15778\/revisions\/15779"}],"wp:attachment":[{"href":"https:\/\/www.grupguell.es\/ca\/wp-json\/wp\/v2\/media?parent=15778"}],"curies":[{"name":"wp","href":"https:\/\/api.w.org\/{rel}","templated":true}]}}