{"id":15602,"date":"2024-04-18T06:49:43","date_gmt":"2024-04-18T04:49:43","guid":{"rendered":"https:\/\/www.grupguell.es\/politica-de-cookies\/"},"modified":"2024-04-22T14:32:54","modified_gmt":"2024-04-22T12:32:54","slug":"politica-de-cookies","status":"publish","type":"page","link":"https:\/\/www.grupguell.es\/ca\/politica-de-cookies\/","title":{"rendered":"Pol\u00edtica de cookies"},"content":{"rendered":"\n<p><em>\u00daltima actualizaci\u00f3n: <\/em><em>8<\/em><em> de septiembre de 2021<\/em><\/p>\n\n<p><strong>Sumario<\/strong><\/p>\n\n<ul class=\"wp-block-list\">\n<li>Cookies usadas: <strong>Propias y de Terceros<\/strong><\/li>\n\n\n\n<li>\u00bfSe usan para obtener estad\u00edsticas? <strong>S\u00ed, siendo la base legal nuestro inter\u00e9s leg\u00edtimo en realizar una mejor gesti\u00f3n del servicio.<\/strong><\/li>\n\n\n\n<li>Servicios de terceros que instalan cookies a trav\u00e9s de esta web: <strong>Google Analytics<\/strong><\/li>\n<\/ul>\n\n<p><strong>C\u00f3mo configurar y deshabilitar las cookies<\/strong><\/p>\n\n<p>Puedes permitir, bloquear o eliminar las cookies instaladas en tu dispositivo desde tu navegador web. Si no permites la instalaci\u00f3n de cookies en tu dispositivo, puede que la experiencia de navegaci\u00f3n empeore. A continuaci\u00f3n puedes encontrar c\u00f3mo configurar las cookies en cada navegador:<\/p>\n\n<p>\u2013<a href=\"http:\/\/windows.microsoft.com\/es-es\/windows-10\/edge-privacy-faq\"> Edge<\/a><\/p>\n\n<p>\u2013<a href=\"https:\/\/support.google.com\/chrome\/answer\/95647?hl=es\"> Google Chrome<\/a><\/p>\n\n<p>\u2013<a href=\"https:\/\/support.google.com\/chrome\/answer\/2392971?hl=es\"> Google Android<\/a><\/p>\n\n<p>\u2013<a href=\"http:\/\/windows.microsoft.com\/es-es\/windows-vista\/block-or-allow-cookies\"> Internet Explorer 7 y 8<\/a><\/p>\n\n<p>\u2013<a href=\"http:\/\/windows.microsoft.com\/es-es\/windows7\/how-to-manage-cookies-in-internet-explorer-9\"> Internet Explorer 9<\/a><\/p>\n\n<p>\u2013<a href=\"http:\/\/windows.microsoft.com\/es-es\/internet-explorer\/delete-manage-cookies#ie=ie-10\"> Internet Explorer 10<\/a><\/p>\n\n<p>\u2013<a href=\"http:\/\/windows.microsoft.com\/es-es\/internet-explorer\/delete-manage-cookies#ie=ie-11\"> Internet Explorer 11<\/a><\/p>\n\n<p>\u2013<a href=\"https:\/\/support.mozilla.org\/es\/kb\/habilitar-y-deshabilitar-cookies-que-los-sitios-we\"> Mozilla Firefox<\/a><\/p>\n\n<p>\u2013<a href=\"http:\/\/help.opera.com\/Linux\/10.60\/es-ES\/cookies.html\"> Opera<\/a><\/p>\n\n<p>\u2013<a href=\"https:\/\/support.apple.com\/kb\/PH19214?viewlocale=es_ES&amp;locale=es_ES\"> Safari<\/a><\/p>\n\n<p>\u2013<a href=\"https:\/\/support.apple.com\/es-es\/HT201265\"> Safari Mobile<\/a><\/p>\n\n<p><strong>1.- Tipos y usos<\/strong><\/p>\n\n<p>El servicio usa cookies propias y de terceros para mejorar la navegaci\u00f3n, proporcionar el servicio y obtener estad\u00edsticas sobre el uso de la p\u00e1gina web.<\/p>\n\n<p><strong>2.- \u00bfQu\u00e9 es una cookie y para qu\u00e9 sirve?<\/strong><\/p>\n\n<p>Una cookie es un fichero de texto que se env\u00eda al navegador web de tu ordenador, m\u00f3vil o tablet y que sirve para almacenar y recuperar informaci\u00f3n sobre la navegaci\u00f3n realizada. Por ejemplo, recordar tu nombre de usuario y contrase\u00f1a o las preferencias de tu perfil.<\/p>\n\n<p><strong>3.- \u00bfQu\u00e9 tipos de cookies hay?<\/strong><\/p>\n\n<p>Seg\u00fan qui\u00e9n las gestiona:<\/p>\n\n<ul class=\"wp-block-list\">\n<li>Cookies propias; se env\u00edan a tu navegador desde nuestros equipos o dominios web.<\/li>\n\n\n\n<li>Cookies de terceros; se env\u00edan a tu navegador desde un equipo o dominio web que no gestionamos nosotros directamente, sino una tercera entidad como por ejemplo Google.<\/li>\n<\/ul>\n\n<p>En funci\u00f3n del tiempo que est\u00e1n activas, hay:<\/p>\n\n<ul class=\"wp-block-list\">\n<li>Cookies de sesi\u00f3n; permanecen en el archivo de cookies de tu navegador hasta que abandonas la p\u00e1gina web, de modo que ninguna queda en tu dispositivo.<\/li>\n\n\n\n<li>Cookies persistentes; permanecen en tu dispositivo y nuestra web las lee cada vez que realizas una nueva visita. Estas cookies dejan de funcionar pasada una fecha concreta.<\/li>\n<\/ul>\n\n<p>Finalmente, y seg\u00fan su finalidad, tenemos:<\/p>\n\n<ul class=\"wp-block-list\">\n<li>Cookies t\u00e9cnicas; mejoran la navegaci\u00f3n y el buen funcionamiento de la web.<\/li>\n\n\n\n<li>Cookies de personalizaci\u00f3n; permiten acceder al servicio con unas caracter\u00edsticas predefinidas en funci\u00f3n de una serie de criterios.<\/li>\n\n\n\n<li>Cookies de an\u00e1lisis; permiten medir y analizar estad\u00edsticamente el uso que se hace del servicio prestado.<\/li>\n<\/ul>\n\n<p>Cookies usadas por <strong>Grup G\u00fcell:<\/strong><\/p>\n\n<figure class=\"wp-block-table\"><table><tbody><tr><td><strong>Nombre<\/strong><\/td><td><strong>Origen<\/strong><\/td><td><strong>Finalidad<\/strong><\/td><td><strong>Tipo<\/strong><\/td><td><strong>Caducidad<\/strong><\/td><\/tr><tr><td>_ga<\/td><td>.desguellallucapeu.com<\/td><td>Anal\u00edtica (rendimiento)<\/td><td>Propia<\/td><td>2 a\u00f1os<\/td><\/tr><tr><td>_gid<\/td><td>.desguellallucapeu.com<\/td><td>Anal\u00edtica (funcionalidad)<\/td><td>Propia<\/td><td>1 d\u00eda<\/td><\/tr><tr><td>_gat_gtag_UA_143273534_1<\/td><td>.desguellallucapeu.com<\/td><td>Anal\u00edtica (rendimiento)<\/td><td>Propia<\/td><td>Sesi\u00f3n<\/td><\/tr><tr><td>tk_lr<\/td><td>.desguellallucapeu.com<\/td><td>Anal\u00edtica (rendimiento)<\/td><td>Propia<\/td><td>Sesi\u00f3n<\/td><\/tr><tr><td>tk_or<\/td><td>.desguellallucapeu.com<\/td><td>Anal\u00edtica (rendimiento)<\/td><td>Propia<\/td><td>5 a\u00f1os<\/td><\/tr><tr><td>tk_r3d<\/td><td>.desguellallucapeu.com<\/td><td>Anal\u00edtica (rendimiento)<\/td><td>Propia<\/td><td>3 d\u00edas<\/td><\/tr><tr><td>tk_rl<\/td><td>.desguellallucapeu.com<\/td><td>Anal\u00edtica (rendimiento)<\/td><td>Propia<\/td><td>Sesi\u00f3n<\/td><\/tr><tr><td>tk_ro<\/td><td>.desguellallucapeu.com<\/td><td>Anal\u00edtica (rendimiento)<\/td><td>Propia<\/td><td>Sesi\u00f3n<\/td><\/tr><tr><td>tk_tc<\/td><td>.desguellallucapeu.com<\/td><td>Anal\u00edtica (rendimiento)<\/td><td>Propia<\/td><td>Sesi\u00f3n<\/td><\/tr><tr><td>tk_ai<\/td><td>.desguellallucapeu.com<\/td><td>Anal\u00edtica (rendimiento)<\/td><td>Propia<\/td><td>5 a\u00f1os<\/td><\/tr><tr><td>tk_qs<\/td><td>.desguellallucapeu.com<\/td><td>Anal\u00edtica (rendimiento)<\/td><td>Propia<\/td><td>Sesi\u00f3n<\/td><\/tr><tr><td>cookielawinfo-checkbox-necessary<\/td><td>.desguellallucapeu.com<\/td><td>T\u00e9cnica (funcionalidad)<\/td><td>Propia<\/td><td>1 a\u00f1o<\/td><\/tr><tr><td>viewed_cookie_policy<\/td><td>.desguellallucapeu.com<\/td><td>T\u00e9cnica (funcionalidad)<\/td><td>Propia<\/td><td>1 a\u00f1o<\/td><\/tr><tr><td>CookieLawInfoConsent<\/td><td>.desguellallucapeu.com<\/td><td>T\u00e9cnica (funcionalidad)<\/td><td>Propia<\/td><td>1 a\u00f1o<\/td><\/tr><\/tbody><\/table><\/figure>\n\n<p>Lista de cookies de tercero usadas por<strong> Grup G\u00fcell<\/strong>:<\/p>\n\n<p><a href=\"https:\/\/developers.google.com\/analytics\/devguides\/collection\/analyticsjs\/cookie-usage\">Google Analytics<\/a>: Sus cookies (como por ejemplo _ga) permiten contabilizar las veces que un usuario visita una web, c\u00f3mo, cu\u00e1ndo y desde d\u00f3nde lo hace.<\/p>\n\n<p>En cualquier caso, puedes inhabilitar las cookies de Google Analytics desde<a href=\"https:\/\/tools.google.com\/dlpage\/gaoptout\"> aqu\u00ed.<\/a><\/p>\n","protected":false},"excerpt":{"rendered":"<p>\u00daltima actualizaci\u00f3n: 8 de septiembre de 2021 Sumario C\u00f3mo configurar y deshabilitar las cookies Puedes permitir, bloquear o eliminar las cookies instaladas en tu dispositivo desde tu navegador web. Si no permites la instalaci\u00f3n de cookies en tu dispositivo, puede que la experiencia de navegaci\u00f3n empeore. A continuaci\u00f3n puedes encontrar c\u00f3mo configurar las cookies en [&hellip;]<\/p>\n","protected":false},"author":1,"featured_media":0,"parent":0,"menu_order":0,"comment_status":"closed","ping_status":"closed","template":"","meta":{"inline_featured_image":false,"footnotes":""},"class_list":["post-15602","page","type-page","status-publish","hentry"],"_links":{"self":[{"href":"https:\/\/www.grupguell.es\/ca\/wp-json\/wp\/v2\/pages\/15602","targetHints":{"allow":["GET"]}}],"collection":[{"href":"https:\/\/www.grupguell.es\/ca\/wp-json\/wp\/v2\/pages"}],"about":[{"href":"https:\/\/www.grupguell.es\/ca\/wp-json\/wp\/v2\/types\/page"}],"author":[{"embeddable":true,"href":"https:\/\/www.grupguell.es\/ca\/wp-json\/wp\/v2\/users\/1"}],"replies":[{"embeddable":true,"href":"https:\/\/www.grupguell.es\/ca\/wp-json\/wp\/v2\/comments?post=15602"}],"version-history":[{"count":2,"href":"https:\/\/www.grupguell.es\/ca\/wp-json\/wp\/v2\/pages\/15602\/revisions"}],"predecessor-version":[{"id":15783,"href":"https:\/\/www.grupguell.es\/ca\/wp-json\/wp\/v2\/pages\/15602\/revisions\/15783"}],"wp:attachment":[{"href":"https:\/\/www.grupguell.es\/ca\/wp-json\/wp\/v2\/media?parent=15602"}],"curies":[{"name":"wp","href":"https:\/\/api.w.org\/{rel}","templated":true}]}}